{"id":14502,"date":"2024-07-25T15:22:36","date_gmt":"2024-07-25T13:22:36","guid":{"rendered":"https:\/\/cletomunari.com\/?page_id=14502"},"modified":"2024-11-08T06:40:58","modified_gmt":"2024-11-08T05:40:58","slug":"csr","status":"publish","type":"page","link":"https:\/\/cletomunari.com\/en\/csr\/","title":{"rendered":"CSR"},"content":{"rendered":"\n<p>Fin dal 1972 la Cleto Munari Design Associati SRL porta avanti la sua visione artistica e imprenditoriale puntando sulle seguenti metriche legate alla Corporate Social Responsability (CSR):<\/p>\n\n\n\n<p>Valorizzazione del Made in Italy tramite collaborazioni con i principali distretti artigianali veneti:<\/p>\n\n\n\n<ul class=\"wp-block-list\">\n<li>oro e argento per gioielli e argenteria nella Provincia di Vicenza,<\/li>\n\n\n\n<li>ceramica per oggettistica nella Provincia di Vicenza (Nove),<\/li>\n\n\n\n<li>vetro per arredo nella Provincia di Venezia (Murano),<\/li>\n\n\n\n<li>marmo per sculture nella Provincia di Verona (Soave),<\/li>\n\n\n\n<li>legno per mobili nella Provincia di Verona (Cerea),<\/li>\n\n\n\n<li>pelletteria per borse nella Provincia di Padova e Vicenza,<\/li>\n\n\n\n<li>acetato per occhiali nella Provincia di Vicenza<\/li>\n<\/ul>\n\n\n\n<p>Collaborazioni con le migliori maestranze mondiali per prodotti non disponibili nel mercato italiano (vedere tappetti in Turchia e Nepal, posate in acciaio nelle Filippine e orologi in Svizzera e Cina)<\/p>\n\n\n\n<p>Particolare attenzione ecologica e ambientale, utilizzando packaging e materiali per gli imballaggi totalmente riciclabili quali carta, cartone e legno. Inoltre, durante i processi produttivi aziendali, non sussistono sprechi di materiali, considerando l\u2019alto valore economico delle materie prime, che cerchiamo di valorizzare (vedere riutilizzo oro e argento per la realizzazione di nuovi prodotti)<\/p>\n\n\n\n<p>Particolare attenzione alla provenienza delle materie prime, dando priorit\u00e0 ai distretti locali ed evitando l\u2019acquisto di materiale di cui non si sa la provenienza o i passaggi di propriet\u00e0. A nostra volta, la quasi totalit\u00e0 delle nostre realizzazioni sono in edizioni limitate e numerate, fornendo ai clienti un certificato di autenticit\u00e0 del loro acquisto<\/p>\n\n\n\n<p>Particolare attenzione alla promozione di giovani artisti locali, nazionali e internazionali, che abbiamo invitato a collaborare con noi creando nuove creazioni artistiche, le quali sono state esposte in varie eventi quali mostre, fiere ed esposizioni museali in tutto il mondo<\/p>\n\n\n\n<p><\/p>\n","protected":false},"excerpt":{"rendered":"<p>Fin dal 1972 la Cleto Munari Design Associati SRL porta avanti la sua visione artistica e imprenditoriale puntando sulle seguenti metriche legate alla Corporate Social Responsability (CSR): Valorizzazione del Made in Italy tramite collaborazioni con i principali distretti artigianali veneti: Collaborazioni con le migliori maestranze mondiali per prodotti non disponibili nel mercato italiano (vedere tappetti&hellip;<\/p>\n","protected":false},"author":1,"featured_media":14800,"parent":0,"menu_order":0,"comment_status":"closed","ping_status":"closed","template":"","meta":{"_acf_changed":false,"footnotes":""},"class_list":["post-14502","page","type-page","status-publish","has-post-thumbnail","hentry"],"acf":[],"yoast_head":"<!-- This site is optimized with the Yoast SEO plugin v23.4 - https:\/\/yoast.com\/wordpress\/plugins\/seo\/ -->\n<title>CSR - Cleto Munari Design Associati - Avanguardia del design nella forma e nello stile.<\/title>\n<meta name=\"robots\" content=\"index, follow, max-snippet:-1, max-image-preview:large, max-video-preview:-1\" \/>\n<link rel=\"canonical\" href=\"https:\/\/cletomunari.com\/en\/csr\/\" \/>\n<meta property=\"og:locale\" content=\"en_US\" \/>\n<meta property=\"og:type\" content=\"article\" \/>\n<meta property=\"og:title\" content=\"CSR - Cleto Munari Design Associati - Avanguardia del design nella forma e nello stile.\" \/>\n<meta property=\"og:description\" content=\"Fin dal 1972 la Cleto Munari Design Associati SRL porta avanti la sua visione artistica e imprenditoriale puntando sulle seguenti metriche legate alla Corporate Social Responsability (CSR): Valorizzazione del Made in Italy tramite collaborazioni con i principali distretti artigianali veneti: Collaborazioni con le migliori maestranze mondiali per prodotti non disponibili nel mercato italiano (vedere tappetti&hellip;\" \/>\n<meta property=\"og:url\" content=\"https:\/\/cletomunari.com\/en\/csr\/\" \/>\n<meta property=\"og:site_name\" content=\"Cleto Munari Design Associati - Avanguardia del design nella forma e nello stile.\" \/>\n<meta property=\"article:modified_time\" content=\"2024-11-08T05:40:58+00:00\" \/>\n<meta property=\"og:image\" content=\"https:\/\/cletomunari.com\/wp-content\/uploads\/2024\/08\/about-img.webp\" \/>\n\t<meta property=\"og:image:width\" content=\"1500\" \/>\n\t<meta property=\"og:image:height\" content=\"844\" \/>\n\t<meta property=\"og:image:type\" content=\"image\/webp\" \/>\n<meta name=\"twitter:card\" content=\"summary_large_image\" \/>\n<meta name=\"twitter:label1\" content=\"Est. reading time\" \/>\n\t<meta name=\"twitter:data1\" content=\"2 minutes\" \/>\n<script type=\"application\/ld+json\" class=\"yoast-schema-graph\">{\"@context\":\"https:\/\/schema.org\",\"@graph\":[{\"@type\":\"WebPage\",\"@id\":\"https:\/\/cletomunari.com\/en\/csr\/\",\"url\":\"https:\/\/cletomunari.com\/en\/csr\/\",\"name\":\"CSR - Cleto Munari Design Associati - Avanguardia del design nella forma e nello stile.\",\"isPartOf\":{\"@id\":\"https:\/\/cletomunari.com\/#website\"},\"primaryImageOfPage\":{\"@id\":\"https:\/\/cletomunari.com\/en\/csr\/#primaryimage\"},\"image\":{\"@id\":\"https:\/\/cletomunari.com\/en\/csr\/#primaryimage\"},\"thumbnailUrl\":\"https:\/\/cletomunari.com\/wp-content\/uploads\/2024\/08\/about-img.webp\",\"datePublished\":\"2024-07-25T13:22:36+00:00\",\"dateModified\":\"2024-11-08T05:40:58+00:00\",\"breadcrumb\":{\"@id\":\"https:\/\/cletomunari.com\/en\/csr\/#breadcrumb\"},\"inLanguage\":\"en-US\",\"potentialAction\":[{\"@type\":\"ReadAction\",\"target\":[\"https:\/\/cletomunari.com\/en\/csr\/\"]}]},{\"@type\":\"ImageObject\",\"inLanguage\":\"en-US\",\"@id\":\"https:\/\/cletomunari.com\/en\/csr\/#primaryimage\",\"url\":\"https:\/\/cletomunari.com\/wp-content\/uploads\/2024\/08\/about-img.webp\",\"contentUrl\":\"https:\/\/cletomunari.com\/wp-content\/uploads\/2024\/08\/about-img.webp\",\"width\":1500,\"height\":844},{\"@type\":\"BreadcrumbList\",\"@id\":\"https:\/\/cletomunari.com\/en\/csr\/#breadcrumb\",\"itemListElement\":[{\"@type\":\"ListItem\",\"position\":1,\"name\":\"Home\",\"item\":\"https:\/\/cletomunari.com\/en\/\"},{\"@type\":\"ListItem\",\"position\":2,\"name\":\"CSR\"}]},{\"@type\":\"WebSite\",\"@id\":\"https:\/\/cletomunari.com\/#website\",\"url\":\"https:\/\/cletomunari.com\/\",\"name\":\"Cleto Munari Design Associati - Avanguardia del design nella forma e nello stile.\",\"description\":\"\",\"potentialAction\":[{\"@type\":\"SearchAction\",\"target\":{\"@type\":\"EntryPoint\",\"urlTemplate\":\"https:\/\/cletomunari.com\/?s={search_term_string}\"},\"query-input\":{\"@type\":\"PropertyValueSpecification\",\"valueRequired\":true,\"valueName\":\"search_term_string\"}}],\"inLanguage\":\"en-US\"}]}<\/script>\n<!-- \/ Yoast SEO plugin. -->","yoast_head_json":{"title":"CSR - Cleto Munari Design Associati - Avanguardia del design nella forma e nello stile.","robots":{"index":"index","follow":"follow","max-snippet":"max-snippet:-1","max-image-preview":"max-image-preview:large","max-video-preview":"max-video-preview:-1"},"canonical":"https:\/\/cletomunari.com\/en\/csr\/","og_locale":"en_US","og_type":"article","og_title":"CSR - Cleto Munari Design Associati - Avanguardia del design nella forma e nello stile.","og_description":"Fin dal 1972 la Cleto Munari Design Associati SRL porta avanti la sua visione artistica e imprenditoriale puntando sulle seguenti metriche legate alla Corporate Social Responsability (CSR): Valorizzazione del Made in Italy tramite collaborazioni con i principali distretti artigianali veneti: Collaborazioni con le migliori maestranze mondiali per prodotti non disponibili nel mercato italiano (vedere tappetti&hellip;","og_url":"https:\/\/cletomunari.com\/en\/csr\/","og_site_name":"Cleto Munari Design Associati - Avanguardia del design nella forma e nello stile.","article_modified_time":"2024-11-08T05:40:58+00:00","og_image":[{"width":1500,"height":844,"url":"https:\/\/cletomunari.com\/wp-content\/uploads\/2024\/08\/about-img.webp","type":"image\/webp"}],"twitter_card":"summary_large_image","twitter_misc":{"Est. reading time":"2 minutes"},"schema":{"@context":"https:\/\/schema.org","@graph":[{"@type":"WebPage","@id":"https:\/\/cletomunari.com\/en\/csr\/","url":"https:\/\/cletomunari.com\/en\/csr\/","name":"CSR - Cleto Munari Design Associati - Avanguardia del design nella forma e nello stile.","isPartOf":{"@id":"https:\/\/cletomunari.com\/#website"},"primaryImageOfPage":{"@id":"https:\/\/cletomunari.com\/en\/csr\/#primaryimage"},"image":{"@id":"https:\/\/cletomunari.com\/en\/csr\/#primaryimage"},"thumbnailUrl":"https:\/\/cletomunari.com\/wp-content\/uploads\/2024\/08\/about-img.webp","datePublished":"2024-07-25T13:22:36+00:00","dateModified":"2024-11-08T05:40:58+00:00","breadcrumb":{"@id":"https:\/\/cletomunari.com\/en\/csr\/#breadcrumb"},"inLanguage":"en-US","potentialAction":[{"@type":"ReadAction","target":["https:\/\/cletomunari.com\/en\/csr\/"]}]},{"@type":"ImageObject","inLanguage":"en-US","@id":"https:\/\/cletomunari.com\/en\/csr\/#primaryimage","url":"https:\/\/cletomunari.com\/wp-content\/uploads\/2024\/08\/about-img.webp","contentUrl":"https:\/\/cletomunari.com\/wp-content\/uploads\/2024\/08\/about-img.webp","width":1500,"height":844},{"@type":"BreadcrumbList","@id":"https:\/\/cletomunari.com\/en\/csr\/#breadcrumb","itemListElement":[{"@type":"ListItem","position":1,"name":"Home","item":"https:\/\/cletomunari.com\/en\/"},{"@type":"ListItem","position":2,"name":"CSR"}]},{"@type":"WebSite","@id":"https:\/\/cletomunari.com\/#website","url":"https:\/\/cletomunari.com\/","name":"Cleto Munari Design Associati - Avanguardia del design nella forma e nello stile.","description":"","potentialAction":[{"@type":"SearchAction","target":{"@type":"EntryPoint","urlTemplate":"https:\/\/cletomunari.com\/?s={search_term_string}"},"query-input":{"@type":"PropertyValueSpecification","valueRequired":true,"valueName":"search_term_string"}}],"inLanguage":"en-US"}]}},"_links":{"self":[{"href":"https:\/\/cletomunari.com\/en\/wp-json\/wp\/v2\/pages\/14502","targetHints":{"allow":["GET"]}}],"collection":[{"href":"https:\/\/cletomunari.com\/en\/wp-json\/wp\/v2\/pages"}],"about":[{"href":"https:\/\/cletomunari.com\/en\/wp-json\/wp\/v2\/types\/page"}],"author":[{"embeddable":true,"href":"https:\/\/cletomunari.com\/en\/wp-json\/wp\/v2\/users\/1"}],"replies":[{"embeddable":true,"href":"https:\/\/cletomunari.com\/en\/wp-json\/wp\/v2\/comments?post=14502"}],"version-history":[{"count":2,"href":"https:\/\/cletomunari.com\/en\/wp-json\/wp\/v2\/pages\/14502\/revisions"}],"predecessor-version":[{"id":15630,"href":"https:\/\/cletomunari.com\/en\/wp-json\/wp\/v2\/pages\/14502\/revisions\/15630"}],"wp:featuredmedia":[{"embeddable":true,"href":"https:\/\/cletomunari.com\/en\/wp-json\/wp\/v2\/media\/14800"}],"wp:attachment":[{"href":"https:\/\/cletomunari.com\/en\/wp-json\/wp\/v2\/media?parent=14502"}],"curies":[{"name":"wp","href":"https:\/\/api.w.org\/{rel}","templated":true}]}}